{"id":96,"date":"2020-12-26T13:59:40","date_gmt":"2020-12-26T12:59:40","guid":{"rendered":"http:\/\/seigneurs-orient.fr\/?page_id=96"},"modified":"2020-12-26T20:00:07","modified_gmt":"2020-12-26T19:00:07","slug":"ntakekaze-go-des-seigneurs-dorient","status":"publish","type":"page","link":"https:\/\/seigneurs-orient.fr\/index.php\/nos-males\/ntakekaze-go-des-seigneurs-dorient\/","title":{"rendered":"N&rsquo;Takekaze Go des Seigneurs d&rsquo;orient"},"content":{"rendered":"\n<p>S\u00e9lection de l&rsquo;\u00e9levage, Takekaze est issu du mariage de lign\u00e9es prestigieuses et de pures lign\u00e9es japonaises  ! Il est tr\u00e8s rouge, tr\u00e8s typ\u00e9e et a un caract\u00e8re exceptionnel. C&rsquo;est de plus un excellent reproducteur et un tr\u00e8s bon papa.<\/p>\n\n\n\n<p><\/p>\n\n\n\n<div class=\"wp-block-media-text alignwide is-stacked-on-mobile\"><figure class=\"wp-block-media-text__media\"><img loading=\"lazy\" decoding=\"async\" width=\"431\" height=\"565\" src=\"http:\/\/seigneurs-orient.fr\/wp-content\/uploads\/2020\/12\/1.jpg\" alt=\"\" class=\"wp-image-45\" srcset=\"https:\/\/seigneurs-orient.fr\/wp-content\/uploads\/2020\/12\/1.jpg 431w, https:\/\/seigneurs-orient.fr\/wp-content\/uploads\/2020\/12\/1-229x300.jpg 229w\" sizes=\"(max-width: 431px) 100vw, 431px\" \/><\/figure><div class=\"wp-block-media-text__content\">\n<p>Couleur : Roux<\/p>\n\n\n\n<p>Date de naissance : 13\/07\/2017<\/p>\n\n\n\n<p>Eleveur : K. et A. GIFFAUT<\/p>\n\n\n\n<p>P\u00e8re : S&rsquo;Takurou Go Samourai Spirit<br>M\u00e8re : Ami I go Shun You Kensha<\/p>\n\n\n\n<p><a rel=\"noreferrer noopener\" href=\"http:\/\/www.akitapedigree.com\/\/details.php?id=98243\" target=\"_blank\">Pedigree<\/a><\/p>\n\n\n\n<p>Titres : A notre grand regret, Take n&rsquo;aime pas les expos et pr\u00e9f\u00e8re rester avec ses copines \u00e0 l&rsquo;\u00e9levage !<\/p>\n\n\n\n<p>Taille : 68 cm<\/p>\n\n\n\n<p>Hanches : A\/A<\/p>\n<\/div><\/div>\n\n\n\n<p><\/p>\n\n\n\n<figure class=\"wp-block-gallery columns-3 is-cropped wp-block-gallery-1 is-layout-flex wp-block-gallery-is-layout-flex\"><ul class=\"blocks-gallery-grid\"><li class=\"blocks-gallery-item\"><figure><img loading=\"lazy\" decoding=\"async\" width=\"567\" height=\"449\" src=\"http:\/\/seigneurs-orient.fr\/wp-content\/uploads\/2020\/12\/DSCN0843.jpg\" alt=\"\" data-id=\"196\" data-full-url=\"http:\/\/seigneurs-orient.fr\/wp-content\/uploads\/2020\/12\/DSCN0843.jpg\" data-link=\"http:\/\/seigneurs-orient.fr\/index.php\/nos-males\/ntakekaze-go-des-seigneurs-dorient\/dscn0843\/\" class=\"wp-image-196\" srcset=\"https:\/\/seigneurs-orient.fr\/wp-content\/uploads\/2020\/12\/DSCN0843.jpg 567w, https:\/\/seigneurs-orient.fr\/wp-content\/uploads\/2020\/12\/DSCN0843-300x238.jpg 300w\" sizes=\"(max-width: 567px) 100vw, 567px\" \/><\/figure><\/li><li class=\"blocks-gallery-item\"><figure><img loading=\"lazy\" decoding=\"async\" width=\"922\" height=\"692\" src=\"http:\/\/seigneurs-orient.fr\/wp-content\/uploads\/2020\/12\/M12s.jpg\" alt=\"\" data-id=\"218\" data-full-url=\"http:\/\/seigneurs-orient.fr\/wp-content\/uploads\/2020\/12\/M12s.jpg\" data-link=\"http:\/\/seigneurs-orient.fr\/index.php\/nos-males\/ntakekaze-go-des-seigneurs-dorient\/m12s\/\" class=\"wp-image-218\" srcset=\"https:\/\/seigneurs-orient.fr\/wp-content\/uploads\/2020\/12\/M12s.jpg 922w, https:\/\/seigneurs-orient.fr\/wp-content\/uploads\/2020\/12\/M12s-300x225.jpg 300w, https:\/\/seigneurs-orient.fr\/wp-content\/uploads\/2020\/12\/M12s-768x576.jpg 768w\" sizes=\"(max-width: 922px) 100vw, 922px\" \/><\/figure><\/li><li class=\"blocks-gallery-item\"><figure><img loading=\"lazy\" decoding=\"async\" width=\"1024\" height=\"768\" src=\"http:\/\/seigneurs-orient.fr\/wp-content\/uploads\/2020\/12\/M1-2-1024x768.jpg\" alt=\"\" data-id=\"220\" data-full-url=\"http:\/\/seigneurs-orient.fr\/wp-content\/uploads\/2020\/12\/M1-2-scaled.jpg\" data-link=\"http:\/\/seigneurs-orient.fr\/index.php\/nos-males\/ntakekaze-go-des-seigneurs-dorient\/m1-2\/\" class=\"wp-image-220\" srcset=\"https:\/\/seigneurs-orient.fr\/wp-content\/uploads\/2020\/12\/M1-2-1024x768.jpg 1024w, https:\/\/seigneurs-orient.fr\/wp-content\/uploads\/2020\/12\/M1-2-300x225.jpg 300w, https:\/\/seigneurs-orient.fr\/wp-content\/uploads\/2020\/12\/M1-2-768x576.jpg 768w, https:\/\/seigneurs-orient.fr\/wp-content\/uploads\/2020\/12\/M1-2-1536x1152.jpg 1536w, https:\/\/seigneurs-orient.fr\/wp-content\/uploads\/2020\/12\/M1-2-2048x1536.jpg 2048w\" sizes=\"(max-width: 1024px) 100vw, 1024px\" \/><\/figure><\/li><\/ul><\/figure>\n\n\n\n<p><em>Ses chiots :<\/em><\/p>\n\n\n\n<figure class=\"wp-block-gallery columns-5 is-cropped wp-block-gallery-2 is-layout-flex wp-block-gallery-is-layout-flex\"><ul class=\"blocks-gallery-grid\"><li class=\"blocks-gallery-item\"><figure><img loading=\"lazy\" decoding=\"async\" width=\"922\" height=\"692\" src=\"http:\/\/seigneurs-orient.fr\/wp-content\/uploads\/2020\/12\/M.jpg\" alt=\"\" data-id=\"101\" data-link=\"http:\/\/seigneurs-orient.fr\/index.php\/nos-males\/ntakekaze-go-des-seigneurs-dorient\/m\/\" class=\"wp-image-101\" srcset=\"https:\/\/seigneurs-orient.fr\/wp-content\/uploads\/2020\/12\/M.jpg 922w, https:\/\/seigneurs-orient.fr\/wp-content\/uploads\/2020\/12\/M-300x225.jpg 300w, https:\/\/seigneurs-orient.fr\/wp-content\/uploads\/2020\/12\/M-768x576.jpg 768w\" sizes=\"(max-width: 922px) 100vw, 922px\" \/><\/figure><\/li><li class=\"blocks-gallery-item\"><figure><img loading=\"lazy\" decoding=\"async\" width=\"922\" height=\"692\" src=\"http:\/\/seigneurs-orient.fr\/wp-content\/uploads\/2020\/12\/F2.jpg\" alt=\"\" data-id=\"103\" data-link=\"http:\/\/seigneurs-orient.fr\/index.php\/nos-males\/ntakekaze-go-des-seigneurs-dorient\/f2\/\" class=\"wp-image-103\" srcset=\"https:\/\/seigneurs-orient.fr\/wp-content\/uploads\/2020\/12\/F2.jpg 922w, https:\/\/seigneurs-orient.fr\/wp-content\/uploads\/2020\/12\/F2-300x225.jpg 300w, https:\/\/seigneurs-orient.fr\/wp-content\/uploads\/2020\/12\/F2-768x576.jpg 768w\" sizes=\"(max-width: 922px) 100vw, 922px\" \/><\/figure><\/li><li class=\"blocks-gallery-item\"><figure><img loading=\"lazy\" decoding=\"async\" width=\"591\" height=\"433\" src=\"http:\/\/seigneurs-orient.fr\/wp-content\/uploads\/2020\/12\/F3.jpg\" alt=\"\" data-id=\"104\" data-link=\"http:\/\/seigneurs-orient.fr\/index.php\/nos-males\/ntakekaze-go-des-seigneurs-dorient\/f3\/\" class=\"wp-image-104\" srcset=\"https:\/\/seigneurs-orient.fr\/wp-content\/uploads\/2020\/12\/F3.jpg 591w, https:\/\/seigneurs-orient.fr\/wp-content\/uploads\/2020\/12\/F3-300x220.jpg 300w\" sizes=\"(max-width: 591px) 100vw, 591px\" \/><\/figure><\/li><li class=\"blocks-gallery-item\"><figure><img loading=\"lazy\" decoding=\"async\" width=\"586\" height=\"459\" src=\"http:\/\/seigneurs-orient.fr\/wp-content\/uploads\/2020\/12\/F6.jpg\" alt=\"\" data-id=\"105\" data-link=\"http:\/\/seigneurs-orient.fr\/index.php\/nos-males\/ntakekaze-go-des-seigneurs-dorient\/f6\/\" class=\"wp-image-105\" srcset=\"https:\/\/seigneurs-orient.fr\/wp-content\/uploads\/2020\/12\/F6.jpg 586w, https:\/\/seigneurs-orient.fr\/wp-content\/uploads\/2020\/12\/F6-300x235.jpg 300w\" sizes=\"(max-width: 586px) 100vw, 586px\" \/><\/figure><\/li><li class=\"blocks-gallery-item\"><figure><img loading=\"lazy\" decoding=\"async\" width=\"922\" height=\"692\" src=\"http:\/\/seigneurs-orient.fr\/wp-content\/uploads\/2020\/12\/M1.jpg\" alt=\"\" data-id=\"106\" data-full-url=\"http:\/\/seigneurs-orient.fr\/wp-content\/uploads\/2020\/12\/M1.jpg\" data-link=\"http:\/\/seigneurs-orient.fr\/index.php\/nos-males\/ntakekaze-go-des-seigneurs-dorient\/m1\/\" class=\"wp-image-106\" srcset=\"https:\/\/seigneurs-orient.fr\/wp-content\/uploads\/2020\/12\/M1.jpg 922w, https:\/\/seigneurs-orient.fr\/wp-content\/uploads\/2020\/12\/M1-300x225.jpg 300w, https:\/\/seigneurs-orient.fr\/wp-content\/uploads\/2020\/12\/M1-768x576.jpg 768w\" sizes=\"(max-width: 922px) 100vw, 922px\" \/><\/figure><\/li><\/ul><\/figure>\n\n\n\n<p><em>Ses parents<\/em> : <\/p>\n\n\n\n<figure class=\"wp-block-gallery columns-2 is-cropped wp-block-gallery-3 is-layout-flex wp-block-gallery-is-layout-flex\"><ul class=\"blocks-gallery-grid\"><li class=\"blocks-gallery-item\"><figure><img loading=\"lazy\" decoding=\"async\" width=\"317\" height=\"347\" src=\"http:\/\/seigneurs-orient.fr\/wp-content\/uploads\/2020\/12\/Sans-titre.jpg\" alt=\"\" data-id=\"38\" data-full-url=\"http:\/\/seigneurs-orient.fr\/wp-content\/uploads\/2020\/12\/Sans-titre.jpg\" data-link=\"http:\/\/seigneurs-orient.fr\/index.php\/page-d-exemple\/sans-titre\/\" class=\"wp-image-38\" srcset=\"https:\/\/seigneurs-orient.fr\/wp-content\/uploads\/2020\/12\/Sans-titre.jpg 317w, https:\/\/seigneurs-orient.fr\/wp-content\/uploads\/2020\/12\/Sans-titre-274x300.jpg 274w\" sizes=\"(max-width: 317px) 100vw, 317px\" \/><\/figure><\/li><li class=\"blocks-gallery-item\"><figure><img loading=\"lazy\" decoding=\"async\" width=\"310\" height=\"419\" src=\"http:\/\/seigneurs-orient.fr\/wp-content\/uploads\/2020\/12\/Ami-1.jpg\" alt=\"\" data-id=\"63\" data-full-url=\"http:\/\/seigneurs-orient.fr\/wp-content\/uploads\/2020\/12\/Ami-1.jpg\" data-link=\"http:\/\/seigneurs-orient.fr\/index.php\/lakita-inu\/ami-1\/\" class=\"wp-image-63\" srcset=\"https:\/\/seigneurs-orient.fr\/wp-content\/uploads\/2020\/12\/Ami-1.jpg 310w, https:\/\/seigneurs-orient.fr\/wp-content\/uploads\/2020\/12\/Ami-1-222x300.jpg 222w\" sizes=\"(max-width: 310px) 100vw, 310px\" \/><\/figure><\/li><\/ul><\/figure>\n","protected":false},"excerpt":{"rendered":"<p>S\u00e9lection de l&rsquo;\u00e9levage, Takekaze est issu du mariage de lign\u00e9es prestigieuses et de pures lign\u00e9es japonaises ! Il est tr\u00e8s rouge, tr\u00e8s typ\u00e9e et a &hellip; <\/p>\n","protected":false},"author":1,"featured_media":0,"parent":88,"menu_order":1,"comment_status":"closed","ping_status":"closed","template":"","meta":{"footnotes":""},"_links":{"self":[{"href":"https:\/\/seigneurs-orient.fr\/index.php\/wp-json\/wp\/v2\/pages\/96"}],"collection":[{"href":"https:\/\/seigneurs-orient.fr\/index.php\/wp-json\/wp\/v2\/pages"}],"about":[{"href":"https:\/\/seigneurs-orient.fr\/index.php\/wp-json\/wp\/v2\/types\/page"}],"author":[{"embeddable":true,"href":"https:\/\/seigneurs-orient.fr\/index.php\/wp-json\/wp\/v2\/users\/1"}],"replies":[{"embeddable":true,"href":"https:\/\/seigneurs-orient.fr\/index.php\/wp-json\/wp\/v2\/comments?post=96"}],"version-history":[{"count":9,"href":"https:\/\/seigneurs-orient.fr\/index.php\/wp-json\/wp\/v2\/pages\/96\/revisions"}],"predecessor-version":[{"id":221,"href":"https:\/\/seigneurs-orient.fr\/index.php\/wp-json\/wp\/v2\/pages\/96\/revisions\/221"}],"up":[{"embeddable":true,"href":"https:\/\/seigneurs-orient.fr\/index.php\/wp-json\/wp\/v2\/pages\/88"}],"wp:attachment":[{"href":"https:\/\/seigneurs-orient.fr\/index.php\/wp-json\/wp\/v2\/media?parent=96"}],"curies":[{"name":"wp","href":"https:\/\/api.w.org\/{rel}","templated":true}]}}