{"id":2,"date":"2020-12-22T14:58:35","date_gmt":"2020-12-22T13:58:35","guid":{"rendered":"http:\/\/seigneurs-orient.fr\/?page_id=2"},"modified":"2020-12-26T19:54:11","modified_gmt":"2020-12-26T18:54:11","slug":"page-d-exemple","status":"publish","type":"page","link":"https:\/\/seigneurs-orient.fr\/index.php\/page-d-exemple\/","title":{"rendered":"Accueil"},"content":{"rendered":"\n<p class=\"has-large-font-size\"><strong>Bienvenue sur le site des Seigneurs d&rsquo;orient<\/strong><\/p>\n\n\n\n<p>Chien d&rsquo;exception, l&rsquo;Akita Inu est un vrai Samourai et un digne repr\u00e9sentant du Pays du Soleil Levant.<\/p>\n\n\n\n<p>Il inspire le respect et l&rsquo;admiration par sa simple pr\u00e9sence.<\/p>\n\n\n\n<p>Passionn\u00e9s depuis 20 ans par cette race exceptionnelle, nous vous proposons de d\u00e9couvrir l&rsquo;Akita, nos chiens et notre \u00e9levage.<\/p>\n\n\n\n<p>Nous vous souhaitons une bonne visite !<\/p>\n\n\n\n<p><\/p>\n\n\n\n<p class=\"has-normal-font-size\"><em>Les Akitas des Seigneurs d&rsquo;orient : <\/em><\/p>\n\n\n\n<figure class=\"wp-block-gallery columns-5 is-cropped wp-block-gallery-1 is-layout-flex wp-block-gallery-is-layout-flex\"><ul class=\"blocks-gallery-grid\"><li class=\"blocks-gallery-item\"><figure><img loading=\"lazy\" decoding=\"async\" width=\"150\" height=\"150\" src=\"http:\/\/seigneurs-orient.fr\/wp-content\/uploads\/2020\/12\/KT1-150x150.jpg\" alt=\"\" data-id=\"48\" data-link=\"http:\/\/seigneurs-orient.fr\/index.php\/page-d-exemple\/kt1\/\" class=\"wp-image-48\"\/><figcaption class=\"blocks-gallery-item__caption\">CH. France Katsumoto<\/figcaption><\/figure><\/li><li class=\"blocks-gallery-item\"><figure><img loading=\"lazy\" decoding=\"async\" width=\"150\" height=\"150\" src=\"http:\/\/seigneurs-orient.fr\/wp-content\/uploads\/2020\/12\/DSC01919-150x150.jpg\" alt=\"\" data-id=\"21\" data-link=\"http:\/\/seigneurs-orient.fr\/index.php\/page-d-exemple\/sony-dsc\/\" class=\"wp-image-21\"\/><figcaption class=\"blocks-gallery-item__caption\">Saori<\/figcaption><\/figure><\/li><li class=\"blocks-gallery-item\"><figure><img loading=\"lazy\" decoding=\"async\" width=\"150\" height=\"150\" src=\"http:\/\/seigneurs-orient.fr\/wp-content\/uploads\/2020\/12\/DSC02679-150x150.jpg\" alt=\"\" data-id=\"22\" data-link=\"http:\/\/seigneurs-orient.fr\/index.php\/page-d-exemple\/sony-dsc-2\/\" class=\"wp-image-22\"\/><figcaption class=\"blocks-gallery-item__caption\">Esquina<\/figcaption><\/figure><\/li><li class=\"blocks-gallery-item\"><figure><img loading=\"lazy\" decoding=\"async\" width=\"150\" height=\"150\" src=\"http:\/\/seigneurs-orient.fr\/wp-content\/uploads\/2020\/12\/DSC08993-150x150.jpg\" alt=\"\" data-id=\"25\" data-link=\"http:\/\/seigneurs-orient.fr\/index.php\/page-d-exemple\/sony-dsc-5\/\" class=\"wp-image-25\"\/><figcaption class=\"blocks-gallery-item__caption\">Shinju<\/figcaption><\/figure><\/li><li class=\"blocks-gallery-item\"><figure><img loading=\"lazy\" decoding=\"async\" width=\"150\" height=\"150\" src=\"http:\/\/seigneurs-orient.fr\/wp-content\/uploads\/2020\/12\/15-mois-150x150.jpg\" alt=\"\" data-id=\"20\" data-link=\"http:\/\/seigneurs-orient.fr\/index.php\/page-d-exemple\/15-mois\/\" class=\"wp-image-20\"\/><figcaption class=\"blocks-gallery-item__caption\">Tomodachi<\/figcaption><\/figure><\/li><li class=\"blocks-gallery-item\"><figure><img loading=\"lazy\" decoding=\"async\" width=\"150\" height=\"150\" src=\"http:\/\/seigneurs-orient.fr\/wp-content\/uploads\/2020\/12\/P1070074-150x150.jpg\" alt=\"\" data-id=\"35\" data-link=\"http:\/\/seigneurs-orient.fr\/index.php\/page-d-exemple\/p1070074\/\" class=\"wp-image-35\"\/><figcaption class=\"blocks-gallery-item__caption\">CH. Amaya<\/figcaption><\/figure><\/li><li class=\"blocks-gallery-item\"><figure><img loading=\"lazy\" decoding=\"async\" width=\"150\" height=\"150\" src=\"http:\/\/seigneurs-orient.fr\/wp-content\/uploads\/2020\/12\/P1080169-150x150.jpg\" alt=\"\" data-id=\"46\" data-link=\"http:\/\/seigneurs-orient.fr\/index.php\/page-d-exemple\/p1080169\/\" class=\"wp-image-46\"\/><figcaption class=\"blocks-gallery-item__caption\">Shizuka<\/figcaption><\/figure><\/li><li class=\"blocks-gallery-item\"><figure><img loading=\"lazy\" decoding=\"async\" width=\"150\" height=\"150\" src=\"http:\/\/seigneurs-orient.fr\/wp-content\/uploads\/2020\/12\/1-150x150.jpg\" alt=\"\" data-id=\"45\" data-link=\"http:\/\/seigneurs-orient.fr\/index.php\/page-d-exemple\/attachment\/1\/\" class=\"wp-image-45\"\/><figcaption class=\"blocks-gallery-item__caption\">Takekaze<\/figcaption><\/figure><\/li><li class=\"blocks-gallery-item\"><figure><img loading=\"lazy\" decoding=\"async\" width=\"150\" height=\"150\" src=\"http:\/\/seigneurs-orient.fr\/wp-content\/uploads\/2020\/12\/P1090412-150x150.jpg\" alt=\"\" data-id=\"49\" data-full-url=\"http:\/\/seigneurs-orient.fr\/wp-content\/uploads\/2020\/12\/P1090412.jpg\" data-link=\"http:\/\/seigneurs-orient.fr\/index.php\/page-d-exemple\/p1090412\/\" class=\"wp-image-49\"\/><figcaption class=\"blocks-gallery-item__caption\">Bonnie Jun<\/figcaption><\/figure><\/li><li class=\"blocks-gallery-item\"><figure><img loading=\"lazy\" decoding=\"async\" width=\"150\" height=\"150\" src=\"http:\/\/seigneurs-orient.fr\/wp-content\/uploads\/2020\/12\/DSC09392-150x150.jpg\" alt=\"\" data-id=\"26\" data-link=\"http:\/\/seigneurs-orient.fr\/index.php\/page-d-exemple\/sony-dsc-6\/\" class=\"wp-image-26\"\/><figcaption class=\"blocks-gallery-item__caption\">Unkei<\/figcaption><\/figure><\/li><\/ul><\/figure>\n","protected":false},"excerpt":{"rendered":"<p>Bienvenue sur le site des Seigneurs d&rsquo;orient Chien d&rsquo;exception, l&rsquo;Akita Inu est un vrai Samourai et un digne repr\u00e9sentant du Pays du Soleil Levant. Il &hellip; <\/p>\n","protected":false},"author":1,"featured_media":0,"parent":0,"menu_order":0,"comment_status":"closed","ping_status":"open","template":"","meta":{"footnotes":""},"_links":{"self":[{"href":"https:\/\/seigneurs-orient.fr\/index.php\/wp-json\/wp\/v2\/pages\/2"}],"collection":[{"href":"https:\/\/seigneurs-orient.fr\/index.php\/wp-json\/wp\/v2\/pages"}],"about":[{"href":"https:\/\/seigneurs-orient.fr\/index.php\/wp-json\/wp\/v2\/types\/page"}],"author":[{"embeddable":true,"href":"https:\/\/seigneurs-orient.fr\/index.php\/wp-json\/wp\/v2\/users\/1"}],"replies":[{"embeddable":true,"href":"https:\/\/seigneurs-orient.fr\/index.php\/wp-json\/wp\/v2\/comments?post=2"}],"version-history":[{"count":12,"href":"https:\/\/seigneurs-orient.fr\/index.php\/wp-json\/wp\/v2\/pages\/2\/revisions"}],"predecessor-version":[{"id":217,"href":"https:\/\/seigneurs-orient.fr\/index.php\/wp-json\/wp\/v2\/pages\/2\/revisions\/217"}],"wp:attachment":[{"href":"https:\/\/seigneurs-orient.fr\/index.php\/wp-json\/wp\/v2\/media?parent=2"}],"curies":[{"name":"wp","href":"https:\/\/api.w.org\/{rel}","templated":true}]}}