{"id":109,"date":"2020-12-26T14:36:22","date_gmt":"2020-12-26T13:36:22","guid":{"rendered":"http:\/\/seigneurs-orient.fr\/?page_id=109"},"modified":"2020-12-26T20:02:12","modified_gmt":"2020-12-26T19:02:12","slug":"amaya-aki-go-royal-nippon-akitos","status":"publish","type":"page","link":"https:\/\/seigneurs-orient.fr\/index.php\/nos-femelles\/amaya-aki-go-royal-nippon-akitos\/","title":{"rendered":"Amaya Aki Go Royal Nippon Akitos"},"content":{"rendered":"\n<p>Superbe femelle rousse import\u00e9e d&rsquo;Isra\u00ebl. Amaya est tr\u00e8s f\u00e9minine, bien typ\u00e9e. Elle a une excellente morphologie et un super caract\u00e8re. C&rsquo;est notre princesse d&rsquo;orient !<\/p>\n\n\n\n<div class=\"wp-block-media-text alignwide is-stacked-on-mobile\"><figure class=\"wp-block-media-text__media\"><img loading=\"lazy\" decoding=\"async\" width=\"437\" height=\"605\" src=\"http:\/\/seigneurs-orient.fr\/wp-content\/uploads\/2020\/12\/P1070074.jpg\" alt=\"\" class=\"wp-image-35\" srcset=\"https:\/\/seigneurs-orient.fr\/wp-content\/uploads\/2020\/12\/P1070074.jpg 437w, https:\/\/seigneurs-orient.fr\/wp-content\/uploads\/2020\/12\/P1070074-217x300.jpg 217w\" sizes=\"(max-width: 437px) 100vw, 437px\" \/><\/figure><div class=\"wp-block-media-text__content\">\n<p>Couleur : Rousse<\/p>\n\n\n\n<p>Date de naissance : 16\/02\/2015<\/p>\n\n\n\n<p>Eleveur : M. ROTSHILD<\/p>\n\n\n\n<p>Livre d&rsquo;origine : ISBR 123596<\/p>\n\n\n\n<p>P\u00e8re : Kenshin Go Toyokawa Igoushisou<br>M\u00e8re : Akira MGO Royal Nippon Akitos<\/p>\n\n\n\n<p><a href=\"http:\/\/www.akitapedigree.com\/\/details.php?id=82369\" data-type=\"URL\" data-id=\"http:\/\/www.akitapedigree.com\/\/details.php?id=82369\" target=\"_blank\" rel=\"noreferrer noopener\">Pedigree<\/a><\/p>\n\n\n\n<p>Titres : CHAMPIONNE DU MONTENEGRO<\/p>\n\n\n\n<p>Taille : 59 cm<\/p>\n\n\n\n<p>Hanches : A\/A<\/p>\n<\/div><\/div>\n\n\n\n<p><\/p>\n\n\n\n<figure class=\"wp-block-gallery columns-5 is-cropped wp-block-gallery-1 is-layout-flex wp-block-gallery-is-layout-flex\"><ul class=\"blocks-gallery-grid\"><li class=\"blocks-gallery-item\"><figure><img loading=\"lazy\" decoding=\"async\" width=\"755\" height=\"573\" src=\"http:\/\/seigneurs-orient.fr\/wp-content\/uploads\/2020\/12\/7mois.jpg\" alt=\"\" data-id=\"187\" data-full-url=\"http:\/\/seigneurs-orient.fr\/wp-content\/uploads\/2020\/12\/7mois.jpg\" data-link=\"http:\/\/seigneurs-orient.fr\/index.php\/nos-femelles\/amaya-aki-go-royal-nippon-akitos\/7mois\/\" class=\"wp-image-187\" srcset=\"https:\/\/seigneurs-orient.fr\/wp-content\/uploads\/2020\/12\/7mois.jpg 755w, https:\/\/seigneurs-orient.fr\/wp-content\/uploads\/2020\/12\/7mois-300x228.jpg 300w\" sizes=\"(max-width: 755px) 100vw, 755px\" \/><\/figure><\/li><li class=\"blocks-gallery-item\"><figure><img loading=\"lazy\" decoding=\"async\" width=\"404\" height=\"531\" src=\"http:\/\/seigneurs-orient.fr\/wp-content\/uploads\/2020\/12\/Amaya-1.jpg\" alt=\"\" data-id=\"188\" data-full-url=\"http:\/\/seigneurs-orient.fr\/wp-content\/uploads\/2020\/12\/Amaya-1.jpg\" data-link=\"http:\/\/seigneurs-orient.fr\/index.php\/nos-femelles\/amaya-aki-go-royal-nippon-akitos\/amaya-1\/\" class=\"wp-image-188\" srcset=\"https:\/\/seigneurs-orient.fr\/wp-content\/uploads\/2020\/12\/Amaya-1.jpg 404w, https:\/\/seigneurs-orient.fr\/wp-content\/uploads\/2020\/12\/Amaya-1-228x300.jpg 228w\" sizes=\"(max-width: 404px) 100vw, 404px\" \/><\/figure><\/li><li class=\"blocks-gallery-item\"><figure><img loading=\"lazy\" decoding=\"async\" width=\"1024\" height=\"814\" src=\"http:\/\/seigneurs-orient.fr\/wp-content\/uploads\/2020\/12\/PRD_1296-1024x814.jpg\" alt=\"\" data-id=\"189\" data-full-url=\"http:\/\/seigneurs-orient.fr\/wp-content\/uploads\/2020\/12\/PRD_1296.jpg\" data-link=\"http:\/\/seigneurs-orient.fr\/index.php\/nos-femelles\/amaya-aki-go-royal-nippon-akitos\/prd_1296\/\" class=\"wp-image-189\" srcset=\"https:\/\/seigneurs-orient.fr\/wp-content\/uploads\/2020\/12\/PRD_1296-1024x814.jpg 1024w, https:\/\/seigneurs-orient.fr\/wp-content\/uploads\/2020\/12\/PRD_1296-300x238.jpg 300w, https:\/\/seigneurs-orient.fr\/wp-content\/uploads\/2020\/12\/PRD_1296-768x610.jpg 768w, https:\/\/seigneurs-orient.fr\/wp-content\/uploads\/2020\/12\/PRD_1296.jpg 1280w\" sizes=\"(max-width: 1024px) 100vw, 1024px\" \/><\/figure><\/li><li class=\"blocks-gallery-item\"><figure><img loading=\"lazy\" decoding=\"async\" width=\"1024\" height=\"759\" src=\"http:\/\/seigneurs-orient.fr\/wp-content\/uploads\/2020\/12\/PRD_7047-1024x759.jpg\" alt=\"\" data-id=\"190\" data-full-url=\"http:\/\/seigneurs-orient.fr\/wp-content\/uploads\/2020\/12\/PRD_7047.jpg\" data-link=\"http:\/\/seigneurs-orient.fr\/index.php\/nos-femelles\/amaya-aki-go-royal-nippon-akitos\/prd_7047\/\" class=\"wp-image-190\" srcset=\"https:\/\/seigneurs-orient.fr\/wp-content\/uploads\/2020\/12\/PRD_7047-1024x759.jpg 1024w, https:\/\/seigneurs-orient.fr\/wp-content\/uploads\/2020\/12\/PRD_7047-300x222.jpg 300w, https:\/\/seigneurs-orient.fr\/wp-content\/uploads\/2020\/12\/PRD_7047-768x569.jpg 768w, https:\/\/seigneurs-orient.fr\/wp-content\/uploads\/2020\/12\/PRD_7047.jpg 1280w\" sizes=\"(max-width: 1024px) 100vw, 1024px\" \/><\/figure><\/li><li class=\"blocks-gallery-item\"><figure><img loading=\"lazy\" decoding=\"async\" width=\"789\" height=\"1024\" src=\"http:\/\/seigneurs-orient.fr\/wp-content\/uploads\/2020\/12\/show15-_532.jpg\" alt=\"\" data-id=\"192\" data-full-url=\"http:\/\/seigneurs-orient.fr\/wp-content\/uploads\/2020\/12\/show15-_532.jpg\" data-link=\"http:\/\/seigneurs-orient.fr\/index.php\/nos-femelles\/amaya-aki-go-royal-nippon-akitos\/show15-_532\/\" class=\"wp-image-192\" srcset=\"https:\/\/seigneurs-orient.fr\/wp-content\/uploads\/2020\/12\/show15-_532.jpg 789w, https:\/\/seigneurs-orient.fr\/wp-content\/uploads\/2020\/12\/show15-_532-231x300.jpg 231w, https:\/\/seigneurs-orient.fr\/wp-content\/uploads\/2020\/12\/show15-_532-768x997.jpg 768w\" sizes=\"(max-width: 789px) 100vw, 789px\" \/><\/figure><\/li><\/ul><\/figure>\n\n\n\n<p><em>Ses chiots :<\/em><\/p>\n\n\n\n<figure class=\"wp-block-gallery columns-5 is-cropped wp-block-gallery-2 is-layout-flex wp-block-gallery-is-layout-flex\"><ul class=\"blocks-gallery-grid\"><li class=\"blocks-gallery-item\"><figure><img loading=\"lazy\" decoding=\"async\" width=\"666\" height=\"421\" src=\"http:\/\/seigneurs-orient.fr\/wp-content\/uploads\/2020\/12\/F3-1.jpg\" alt=\"\" data-id=\"110\" data-full-url=\"http:\/\/seigneurs-orient.fr\/wp-content\/uploads\/2020\/12\/F3-1.jpg\" data-link=\"http:\/\/seigneurs-orient.fr\/?attachment_id=110\" class=\"wp-image-110\" srcset=\"https:\/\/seigneurs-orient.fr\/wp-content\/uploads\/2020\/12\/F3-1.jpg 666w, https:\/\/seigneurs-orient.fr\/wp-content\/uploads\/2020\/12\/F3-1-300x190.jpg 300w\" sizes=\"(max-width: 666px) 100vw, 666px\" \/><\/figure><\/li><li class=\"blocks-gallery-item\"><figure><img loading=\"lazy\" decoding=\"async\" width=\"508\" height=\"364\" src=\"http:\/\/seigneurs-orient.fr\/wp-content\/uploads\/2020\/12\/Nanouk.jpg\" alt=\"\" data-id=\"113\" data-full-url=\"http:\/\/seigneurs-orient.fr\/wp-content\/uploads\/2020\/12\/Nanouk.jpg\" data-link=\"http:\/\/seigneurs-orient.fr\/?attachment_id=113\" class=\"wp-image-113\" srcset=\"https:\/\/seigneurs-orient.fr\/wp-content\/uploads\/2020\/12\/Nanouk.jpg 508w, https:\/\/seigneurs-orient.fr\/wp-content\/uploads\/2020\/12\/Nanouk-300x215.jpg 300w, https:\/\/seigneurs-orient.fr\/wp-content\/uploads\/2020\/12\/Nanouk-120x85.jpg 120w\" sizes=\"(max-width: 508px) 100vw, 508px\" \/><\/figure><\/li><li class=\"blocks-gallery-item\"><figure><img loading=\"lazy\" decoding=\"async\" width=\"687\" height=\"524\" src=\"http:\/\/seigneurs-orient.fr\/wp-content\/uploads\/2020\/12\/DSCN0763.jpg\" alt=\"\" data-id=\"114\" data-full-url=\"http:\/\/seigneurs-orient.fr\/wp-content\/uploads\/2020\/12\/DSCN0763.jpg\" data-link=\"http:\/\/seigneurs-orient.fr\/?attachment_id=114\" class=\"wp-image-114\" srcset=\"https:\/\/seigneurs-orient.fr\/wp-content\/uploads\/2020\/12\/DSCN0763.jpg 687w, https:\/\/seigneurs-orient.fr\/wp-content\/uploads\/2020\/12\/DSCN0763-300x229.jpg 300w\" sizes=\"(max-width: 687px) 100vw, 687px\" \/><\/figure><\/li><li class=\"blocks-gallery-item\"><figure><img loading=\"lazy\" decoding=\"async\" width=\"922\" height=\"692\" src=\"http:\/\/seigneurs-orient.fr\/wp-content\/uploads\/2020\/12\/M-1.jpg\" alt=\"\" data-id=\"116\" data-full-url=\"http:\/\/seigneurs-orient.fr\/wp-content\/uploads\/2020\/12\/M-1.jpg\" data-link=\"http:\/\/seigneurs-orient.fr\/?attachment_id=116\" class=\"wp-image-116\" srcset=\"https:\/\/seigneurs-orient.fr\/wp-content\/uploads\/2020\/12\/M-1.jpg 922w, https:\/\/seigneurs-orient.fr\/wp-content\/uploads\/2020\/12\/M-1-300x225.jpg 300w, https:\/\/seigneurs-orient.fr\/wp-content\/uploads\/2020\/12\/M-1-768x576.jpg 768w\" sizes=\"(max-width: 922px) 100vw, 922px\" \/><\/figure><\/li><li class=\"blocks-gallery-item\"><figure><img loading=\"lazy\" decoding=\"async\" width=\"663\" height=\"516\" src=\"http:\/\/seigneurs-orient.fr\/wp-content\/uploads\/2020\/12\/M2b.jpg\" alt=\"\" data-id=\"117\" data-full-url=\"http:\/\/seigneurs-orient.fr\/wp-content\/uploads\/2020\/12\/M2b.jpg\" data-link=\"http:\/\/seigneurs-orient.fr\/?attachment_id=117\" class=\"wp-image-117\" srcset=\"https:\/\/seigneurs-orient.fr\/wp-content\/uploads\/2020\/12\/M2b.jpg 663w, https:\/\/seigneurs-orient.fr\/wp-content\/uploads\/2020\/12\/M2b-300x233.jpg 300w\" sizes=\"(max-width: 663px) 100vw, 663px\" \/><\/figure><\/li><\/ul><\/figure>\n\n\n\n<p><em>Ses parents :<\/em><\/p>\n\n\n\n<figure class=\"wp-block-gallery columns-2 is-cropped wp-block-gallery-3 is-layout-flex wp-block-gallery-is-layout-flex\"><ul class=\"blocks-gallery-grid\"><li class=\"blocks-gallery-item\"><figure><img loading=\"lazy\" decoding=\"async\" width=\"224\" height=\"300\" src=\"http:\/\/seigneurs-orient.fr\/wp-content\/uploads\/2020\/12\/PRD_3981-224x300.jpg\" alt=\"\" data-id=\"124\" data-link=\"http:\/\/seigneurs-orient.fr\/index.php\/amaya-aki-go-royal-nippon-akitos\/prd_3981\/\" class=\"wp-image-124\" srcset=\"https:\/\/seigneurs-orient.fr\/wp-content\/uploads\/2020\/12\/PRD_3981-224x300.jpg 224w, https:\/\/seigneurs-orient.fr\/wp-content\/uploads\/2020\/12\/PRD_3981.jpg 764w\" sizes=\"(max-width: 224px) 100vw, 224px\" \/><\/figure><\/li><li class=\"blocks-gallery-item\"><figure><img loading=\"lazy\" decoding=\"async\" width=\"229\" height=\"272\" src=\"http:\/\/seigneurs-orient.fr\/wp-content\/uploads\/2020\/12\/Mere.jpg\" alt=\"\" data-id=\"125\" data-full-url=\"http:\/\/seigneurs-orient.fr\/wp-content\/uploads\/2020\/12\/Mere.jpg\" data-link=\"http:\/\/seigneurs-orient.fr\/index.php\/amaya-aki-go-royal-nippon-akitos\/mere\/\" class=\"wp-image-125\"\/><\/figure><\/li><\/ul><\/figure>\n","protected":false},"excerpt":{"rendered":"<p>Superbe femelle rousse import\u00e9e d&rsquo;Isra\u00ebl. Amaya est tr\u00e8s f\u00e9minine, bien typ\u00e9e. Elle a une excellente morphologie et un super caract\u00e8re. C&rsquo;est notre princesse d&rsquo;orient ! &hellip; <\/p>\n","protected":false},"author":1,"featured_media":0,"parent":90,"menu_order":1,"comment_status":"closed","ping_status":"closed","template":"","meta":{"footnotes":""},"_links":{"self":[{"href":"https:\/\/seigneurs-orient.fr\/index.php\/wp-json\/wp\/v2\/pages\/109"}],"collection":[{"href":"https:\/\/seigneurs-orient.fr\/index.php\/wp-json\/wp\/v2\/pages"}],"about":[{"href":"https:\/\/seigneurs-orient.fr\/index.php\/wp-json\/wp\/v2\/types\/page"}],"author":[{"embeddable":true,"href":"https:\/\/seigneurs-orient.fr\/index.php\/wp-json\/wp\/v2\/users\/1"}],"replies":[{"embeddable":true,"href":"https:\/\/seigneurs-orient.fr\/index.php\/wp-json\/wp\/v2\/comments?post=109"}],"version-history":[{"count":5,"href":"https:\/\/seigneurs-orient.fr\/index.php\/wp-json\/wp\/v2\/pages\/109\/revisions"}],"predecessor-version":[{"id":222,"href":"https:\/\/seigneurs-orient.fr\/index.php\/wp-json\/wp\/v2\/pages\/109\/revisions\/222"}],"up":[{"embeddable":true,"href":"https:\/\/seigneurs-orient.fr\/index.php\/wp-json\/wp\/v2\/pages\/90"}],"wp:attachment":[{"href":"https:\/\/seigneurs-orient.fr\/index.php\/wp-json\/wp\/v2\/media?parent=109"}],"curies":[{"name":"wp","href":"https:\/\/api.w.org\/{rel}","templated":true}]}}